{"id":260,"date":"2023-08-16T00:35:22","date_gmt":"2023-08-15T22:35:22","guid":{"rendered":"https:\/\/marianomassolo.com\/?page_id=260"},"modified":"2025-03-21T11:17:19","modified_gmt":"2025-03-21T15:17:19","slug":"el-curso","status":"publish","type":"page","link":"https:\/\/marianomassolo.com\/es\/el-curso\/","title":{"rendered":"El Curso"},"content":{"rendered":"<div data-elementor-type=\"wp-page\" data-elementor-id=\"260\" class=\"elementor elementor-260\" data-elementor-post-type=\"page\">\n\t\t\t\t<div class=\"elementor-element elementor-element-f04e3ba e-flex e-con-boxed e-con e-parent\" data-id=\"f04e3ba\" data-element_type=\"container\" data-settings=\"{&quot;background_background&quot;:&quot;classic&quot;}\">\n\t\t\t\t\t<div class=\"e-con-inner\">\n\t\t<div class=\"elementor-element elementor-element-8fcb7d4 e-con-full e-flex e-con e-child\" data-id=\"8fcb7d4\" data-element_type=\"container\" data-settings=\"{&quot;background_background&quot;:&quot;classic&quot;}\">\n\t\t\t\t<div class=\"elementor-element elementor-element-73ecd83 elementor-widget elementor-widget-heading\" data-id=\"73ecd83\" data-element_type=\"widget\" data-widget_type=\"heading.default\">\n\t\t\t\t<div class=\"elementor-widget-container\">\n\t\t\t<h2 class=\"elementor-heading-title elementor-size-default\">MARIANO<br>MASSOLO<\/h2>\t\t<\/div>\n\t\t\t\t<\/div>\n\t\t\t\t<div class=\"elementor-element elementor-element-05701ef elementor-widget elementor-widget-heading\" data-id=\"05701ef\" data-element_type=\"widget\" data-widget_type=\"heading.default\">\n\t\t\t\t<div class=\"elementor-widget-container\">\n\t\t\t<h2 class=\"elementor-heading-title elementor-size-default\">METHOD<\/h2>\t\t<\/div>\n\t\t\t\t<\/div>\n\t\t\t\t<\/div>\n\t\t<div class=\"elementor-element elementor-element-30dc5cf e-con-full e-flex e-con e-child\" data-id=\"30dc5cf\" data-element_type=\"container\">\n\t\t\t\t<div class=\"elementor-element elementor-element-88fbeea elementor-widget elementor-widget-text-editor\" data-id=\"88fbeea\" data-element_type=\"widget\" data-widget_type=\"text-editor.default\">\n\t\t\t\t<div class=\"elementor-widget-container\">\n\t\t\t\t\t\t\t<p class=\"translation-block\">El m\u00e9todo <strong>MARIANO MASSOLO<\/strong> es una forma \u00fanica de aprender a tocar la arm\u00f3nica desarrollado en 20 a\u00f1os de experiencia.\n<strong>VAS A PODER HACERLO ONLINE DESDE CUALQUIER PARTE DEL MUNDO.<\/strong>\nEst\u00e1 basado en un conjunto  de clases grabadas, tutor\u00edas del maestro y foro compartido entre los alumnos y Mariano. Son clases desafiantes pero simples en su desarrollo y claridad.<\/p><p class=\"translation-block\">Aprender\u00e1s a tocar la arm\u00f3nica de una manera poco convencional, pero atrevida y astuta.\nVas a estudiar de forma f\u00e1cil y completa con partituras animadas que facilitan cada lecci\u00f3n del maestro.<\/p>\t\t\t\t\t\t<\/div>\n\t\t\t\t<\/div>\n\t\t\t\t<div class=\"elementor-element elementor-element-9c6d20c elementor-align-center elementor-widget elementor-widget-button\" data-id=\"9c6d20c\" data-element_type=\"widget\" data-widget_type=\"button.default\">\n\t\t\t\t<div class=\"elementor-widget-container\">\n\t\t\t\t\t\t\t<div class=\"elementor-button-wrapper\">\n\t\t\t\t\t<a class=\"elementor-button elementor-button-link elementor-size-sm\" href=\"https:\/\/marianomassolo.com\/es\/registro\/\">\n\t\t\t\t\t\t<span class=\"elementor-button-content-wrapper\">\n\t\t\t\t\t\t\t\t\t<span class=\"elementor-button-text\">REGISTRARSE<\/span>\n\t\t\t\t\t<\/span>\n\t\t\t\t\t<\/a>\n\t\t\t\t<\/div>\n\t\t\t\t\t\t<\/div>\n\t\t\t\t<\/div>\n\t\t\t\t<\/div>\n\t\t\t\t\t<\/div>\n\t\t\t\t<\/div>\n\t\t<div class=\"elementor-element elementor-element-1767505 e-flex e-con-boxed e-con e-parent\" data-id=\"1767505\" data-element_type=\"container\" data-settings=\"{&quot;background_background&quot;:&quot;classic&quot;}\">\n\t\t\t\t\t<div class=\"e-con-inner\">\n\t\t<div class=\"elementor-element elementor-element-3a49d1b e-con-full e-flex e-con e-child\" data-id=\"3a49d1b\" data-element_type=\"container\">\n\t\t\t\t<div class=\"elementor-element elementor-element-1171e93 elementor-widget elementor-widget-heading\" data-id=\"1171e93\" data-element_type=\"widget\" data-widget_type=\"heading.default\">\n\t\t\t\t<div class=\"elementor-widget-container\">\n\t\t\t<h2 class=\"elementor-heading-title elementor-size-default\">UNIDADES<\/h2>\t\t<\/div>\n\t\t\t\t<\/div>\n\t\t\t\t<div class=\"elementor-element elementor-element-a249390 elementor-widget elementor-widget-heading\" data-id=\"a249390\" data-element_type=\"widget\" data-widget_type=\"heading.default\">\n\t\t\t\t<div class=\"elementor-widget-container\">\n\t\t\t<h2 class=\"elementor-heading-title elementor-size-default\">ESTILOS\n<\/h2>\t\t<\/div>\n\t\t\t\t<\/div>\n\t\t\t\t<div class=\"elementor-element elementor-element-cbd5129 elementor-widget elementor-widget-text-editor\" data-id=\"cbd5129\" data-element_type=\"widget\" data-widget_type=\"text-editor.default\">\n\t\t\t\t<div class=\"elementor-widget-container\">\n\t\t\t\t\t\t\t<p>A partir de distintos estilos musicales vamos a llevar tu t\u00e9cnica al m\u00e1s alto nivel de forma gradual.<\/p>\t\t\t\t\t\t<\/div>\n\t\t\t\t<\/div>\n\t\t\t\t<\/div>\n\t\t<div class=\"elementor-element elementor-element-40f41bf e-con-full e-flex e-con e-child\" data-id=\"40f41bf\" data-element_type=\"container\">\n\t\t<div class=\"elementor-element elementor-element-cc2b43c e-con-full e-flex e-con e-child\" data-id=\"cc2b43c\" data-element_type=\"container\">\n\t\t<div class=\"elementor-element elementor-element-7ff681f e-flex e-con-boxed e-con e-child\" data-id=\"7ff681f\" data-element_type=\"container\">\n\t\t\t\t\t<div class=\"e-con-inner\">\n\t\t<div class=\"elementor-element elementor-element-720958f e-flex e-con-boxed e-con e-child\" data-id=\"720958f\" data-element_type=\"container\">\n\t\t\t\t\t<div class=\"e-con-inner\">\n\t\t\t\t<div class=\"elementor-element elementor-element-7be3ae9 elementor-widget elementor-widget-image\" data-id=\"7be3ae9\" data-element_type=\"widget\" data-widget_type=\"image.default\">\n\t\t\t\t<div class=\"elementor-widget-container\">\n\t\t\t\t\t\t\t\t\t\t\t\t\t<img fetchpriority=\"high\" decoding=\"async\" width=\"500\" height=\"500\" src=\"https:\/\/marianomassolo.com\/wp-content\/uploads\/2023\/09\/swing-1.webp\" class=\"attachment-full size-full wp-image-1026\" alt=\"\" srcset=\"https:\/\/marianomassolo.com\/wp-content\/uploads\/2023\/09\/swing-1.webp 500w, https:\/\/marianomassolo.com\/wp-content\/uploads\/2023\/09\/swing-1-300x300.webp 300w, https:\/\/marianomassolo.com\/wp-content\/uploads\/2023\/09\/swing-1-150x150.webp 150w\" sizes=\"(max-width: 500px) 100vw, 500px\" \/>\t\t\t\t\t\t\t\t\t\t\t\t\t<\/div>\n\t\t\t\t<\/div>\n\t\t\t\t\t<\/div>\n\t\t\t\t<\/div>\n\t\t<div class=\"elementor-element elementor-element-c206d0b e-flex e-con-boxed e-con e-child\" data-id=\"c206d0b\" data-element_type=\"container\">\n\t\t\t\t\t<div class=\"e-con-inner\">\n\t\t\t\t<div class=\"elementor-element elementor-element-fe4f5ad elementor-align-center elementor-widget elementor-widget-button\" data-id=\"fe4f5ad\" data-element_type=\"widget\" data-widget_type=\"button.default\">\n\t\t\t\t<div class=\"elementor-widget-container\">\n\t\t\t\t\t\t\t<div class=\"elementor-button-wrapper\">\n\t\t\t\t\t<a class=\"elementor-button elementor-button-link elementor-size-sm\" href=\"https:\/\/marianomassolo.com\/es\/jazz\/\">\n\t\t\t\t\t\t<span class=\"elementor-button-content-wrapper\">\n\t\t\t\t\t\t\t\t\t<span class=\"elementor-button-text\">VER CONTENIDO<\/span>\n\t\t\t\t\t<\/span>\n\t\t\t\t\t<\/a>\n\t\t\t\t<\/div>\n\t\t\t\t\t\t<\/div>\n\t\t\t\t<\/div>\n\t\t\t\t\t<\/div>\n\t\t\t\t<\/div>\n\t\t\t\t\t<\/div>\n\t\t\t\t<\/div>\n\t\t<div class=\"elementor-element elementor-element-07a5695 e-flex e-con-boxed e-con e-child\" data-id=\"07a5695\" data-element_type=\"container\">\n\t\t\t\t\t<div class=\"e-con-inner\">\n\t\t\t\t<div class=\"elementor-element elementor-element-bff415b elementor-widget elementor-widget-image\" data-id=\"bff415b\" data-element_type=\"widget\" data-widget_type=\"image.default\">\n\t\t\t\t<div class=\"elementor-widget-container\">\n\t\t\t\t\t\t\t\t\t\t\t\t\t<img decoding=\"async\" width=\"500\" height=\"500\" src=\"https:\/\/marianomassolo.com\/wp-content\/uploads\/2023\/09\/latin-1.webp\" class=\"attachment-full size-full wp-image-1027\" alt=\"\" srcset=\"https:\/\/marianomassolo.com\/wp-content\/uploads\/2023\/09\/latin-1.webp 500w, https:\/\/marianomassolo.com\/wp-content\/uploads\/2023\/09\/latin-1-300x300.webp 300w, https:\/\/marianomassolo.com\/wp-content\/uploads\/2023\/09\/latin-1-150x150.webp 150w\" sizes=\"(max-width: 500px) 100vw, 500px\" \/>\t\t\t\t\t\t\t\t\t\t\t\t\t<\/div>\n\t\t\t\t<\/div>\n\t\t<div class=\"elementor-element elementor-element-4eddf12 e-flex e-con-boxed e-con e-child\" data-id=\"4eddf12\" data-element_type=\"container\">\n\t\t\t\t\t<div class=\"e-con-inner\">\n\t\t\t\t<div class=\"elementor-element elementor-element-b5cecf2 elementor-align-center elementor-widget elementor-widget-button\" data-id=\"b5cecf2\" data-element_type=\"widget\" data-widget_type=\"button.default\">\n\t\t\t\t<div class=\"elementor-widget-container\">\n\t\t\t\t\t\t\t<div class=\"elementor-button-wrapper\">\n\t\t\t\t\t<a class=\"elementor-button elementor-button-link elementor-size-sm\" href=\"https:\/\/marianomassolo.com\/es\/latin-music\/\">\n\t\t\t\t\t\t<span class=\"elementor-button-content-wrapper\">\n\t\t\t\t\t\t\t\t\t<span class=\"elementor-button-text\">VER CONTENIDO<\/span>\n\t\t\t\t\t<\/span>\n\t\t\t\t\t<\/a>\n\t\t\t\t<\/div>\n\t\t\t\t\t\t<\/div>\n\t\t\t\t<\/div>\n\t\t\t\t\t<\/div>\n\t\t\t\t<\/div>\n\t\t\t\t\t<\/div>\n\t\t\t\t<\/div>\n\t\t<div class=\"elementor-element elementor-element-595465b e-flex e-con-boxed e-con e-child\" data-id=\"595465b\" data-element_type=\"container\">\n\t\t\t\t\t<div class=\"e-con-inner\">\n\t\t\t\t<div class=\"elementor-element elementor-element-c68befb elementor-widget elementor-widget-image\" data-id=\"c68befb\" data-element_type=\"widget\" data-widget_type=\"image.default\">\n\t\t\t\t<div class=\"elementor-widget-container\">\n\t\t\t\t\t\t\t\t\t\t\t\t\t<img decoding=\"async\" width=\"500\" height=\"500\" src=\"https:\/\/marianomassolo.com\/wp-content\/uploads\/2023\/09\/trainig-1.webp\" class=\"attachment-full size-full wp-image-1028\" alt=\"\" srcset=\"https:\/\/marianomassolo.com\/wp-content\/uploads\/2023\/09\/trainig-1.webp 500w, https:\/\/marianomassolo.com\/wp-content\/uploads\/2023\/09\/trainig-1-300x300.webp 300w, https:\/\/marianomassolo.com\/wp-content\/uploads\/2023\/09\/trainig-1-150x150.webp 150w\" sizes=\"(max-width: 500px) 100vw, 500px\" \/>\t\t\t\t\t\t\t\t\t\t\t\t\t<\/div>\n\t\t\t\t<\/div>\n\t\t<div class=\"elementor-element elementor-element-1b966b3 e-flex e-con-boxed e-con e-child\" data-id=\"1b966b3\" data-element_type=\"container\">\n\t\t\t\t\t<div class=\"e-con-inner\">\n\t\t\t\t<div class=\"elementor-element elementor-element-b83fe7b elementor-align-center elementor-widget elementor-widget-button\" data-id=\"b83fe7b\" data-element_type=\"widget\" data-widget_type=\"button.default\">\n\t\t\t\t<div class=\"elementor-widget-container\">\n\t\t\t\t\t\t\t<div class=\"elementor-button-wrapper\">\n\t\t\t\t\t<a class=\"elementor-button elementor-button-link elementor-size-sm\" href=\"https:\/\/marianomassolo.com\/es\/training-un\/\">\n\t\t\t\t\t\t<span class=\"elementor-button-content-wrapper\">\n\t\t\t\t\t\t\t\t\t<span class=\"elementor-button-text\">VER CONTENIDO<\/span>\n\t\t\t\t\t<\/span>\n\t\t\t\t\t<\/a>\n\t\t\t\t<\/div>\n\t\t\t\t\t\t<\/div>\n\t\t\t\t<\/div>\n\t\t\t\t\t<\/div>\n\t\t\t\t<\/div>\n\t\t\t\t\t<\/div>\n\t\t\t\t<\/div>\n\t\t\t\t<\/div>\n\t\t\t\t<\/div>\n\t\t\t\t\t<\/div>\n\t\t\t\t<\/div>\n\t\t\t\t<\/div>","protected":false},"excerpt":{"rendered":"<p>MARIANOMASSOLO METHOD The method\u00a0MARIANO MASSOLO\u00a0It is a unique way to learn to play the harmonica developed over 20 years of experience.YOU WILL BE ABLE TO DO IT ONLINE FROM ANYWHERE IN THE WORLD.It is based on a set of recorded classes, teacher tutorials and a forum shared between the students and Mariano. They are challenging [&hellip;]<\/p>","protected":false},"author":1,"featured_media":0,"parent":0,"menu_order":0,"comment_status":"closed","ping_status":"closed","template":"","meta":{"_acf_changed":false,"footnotes":""},"wf_page_folders":[],"class_list":["post-260","page","type-page","status-publish","hentry"],"acf":[],"_links":{"self":[{"href":"https:\/\/marianomassolo.com\/es\/wp-json\/wp\/v2\/pages\/260","targetHints":{"allow":["GET"]}}],"collection":[{"href":"https:\/\/marianomassolo.com\/es\/wp-json\/wp\/v2\/pages"}],"about":[{"href":"https:\/\/marianomassolo.com\/es\/wp-json\/wp\/v2\/types\/page"}],"author":[{"embeddable":true,"href":"https:\/\/marianomassolo.com\/es\/wp-json\/wp\/v2\/users\/1"}],"replies":[{"embeddable":true,"href":"https:\/\/marianomassolo.com\/es\/wp-json\/wp\/v2\/comments?post=260"}],"version-history":[{"count":51,"href":"https:\/\/marianomassolo.com\/es\/wp-json\/wp\/v2\/pages\/260\/revisions"}],"predecessor-version":[{"id":2656,"href":"https:\/\/marianomassolo.com\/es\/wp-json\/wp\/v2\/pages\/260\/revisions\/2656"}],"wp:attachment":[{"href":"https:\/\/marianomassolo.com\/es\/wp-json\/wp\/v2\/media?parent=260"}],"wp:term":[{"taxonomy":"wf_page_folders","embeddable":true,"href":"https:\/\/marianomassolo.com\/es\/wp-json\/wp\/v2\/wf_page_folders?post=260"}],"curies":[{"name":"wp","href":"https:\/\/api.w.org\/{rel}","templated":true}]}}